{"id":2,"date":"2023-10-31T11:16:31","date_gmt":"2023-10-31T10:16:31","guid":{"rendered":"http:\/\/poppy-arts.fr\/?page_id=2"},"modified":"2025-12-14T14:12:14","modified_gmt":"2025-12-14T13:12:14","slug":"accueil","status":"publish","type":"page","link":"https:\/\/poppy-arts.fr\/","title":{"rendered":"Accueil"},"content":{"rendered":"<p>[et_pb_section fb_built=\u00a0\u00bb1&Prime; _builder_version=\u00a0\u00bb4.27.0&Prime; _module_preset=\u00a0\u00bbdefault\u00a0\u00bb background_color=\u00a0\u00bb#000000&Prime; custom_padding=\u00a0\u00bb19px|||||\u00a0\u00bb global_colors_info=\u00a0\u00bb{}\u00a0\u00bb][et_pb_row _builder_version=\u00a0\u00bb4.27.0&Prime; _module_preset=\u00a0\u00bbdefault\u00a0\u00bb global_colors_info=\u00a0\u00bb{}\u00a0\u00bb][et_pb_column type=\u00a0\u00bb4_4&Prime; _builder_version=\u00a0\u00bb4.27.0&Prime; _module_preset=\u00a0\u00bbdefault\u00a0\u00bb global_colors_info=\u00a0\u00bb{}\u00a0\u00bb][dsm_progress_bar dsm_show_percentage=\u00a0\u00bbon\u00a0\u00bb dsm_tracker_bg_color=\u00a0\u00bb#E02B20&Prime; dsm_progress_height=\u00a0\u00bb8px\u00a0\u00bb _builder_version=\u00a0\u00bb4.27.0&Prime; _module_preset=\u00a0\u00bbdefault\u00a0\u00bb header_text_color=\u00a0\u00bb#E02B20&Prime; header_font_size=\u00a0\u00bb10px\u00a0\u00bb header_line_height=\u00a0\u00bb1.4em\u00a0\u00bb background_color=\u00a0\u00bb#FFFFFF\u00a0\u00bb width=\u00a0\u00bb100%\u00a0\u00bb custom_padding=\u00a0\u00bb||0px||false|false\u00a0\u00bb border_color_all_progress_indicator_border=\u00a0\u00bb#E02B20&Prime; border_style_all_progress_indicator_border=\u00a0\u00bbdashed\u00a0\u00bb border_style_all_progress_tracker_border=\u00a0\u00bbdashed\u00a0\u00bb global_colors_info=\u00a0\u00bb{}\u00a0\u00bb][\/dsm_progress_bar][\/et_pb_column][\/et_pb_row][et_pb_row _builder_version=\u00a0\u00bb4.27.4&Prime; _module_preset=\u00a0\u00bbdefault\u00a0\u00bb][et_pb_column _builder_version=\u00a0\u00bb4.27.4&Prime; _module_preset=\u00a0\u00bbdefault\u00a0\u00bb type=\u00a0\u00bb4_4&Prime;][et_pb_text _builder_version=\u00a0\u00bb4.27.4&Prime; _module_preset=\u00a0\u00bbdefault\u00a0\u00bb hover_enabled=\u00a0\u00bb0&Prime; sticky_enabled=\u00a0\u00bb0&Prime; locked=\u00a0\u00bboff\u00a0\u00bb]<\/p>\n<h1 data-start=\"807\" data-end=\"859\" style=\"text-align: center;\"><span style=\"color: #ffffff;\"><strong data-start=\"810\" data-end=\"859\">Cr\u00e9ations artistiques absolument uniques<\/strong><\/span><\/h1>\n<p>[\/et_pb_text][\/et_pb_column][\/et_pb_row][et_pb_row _builder_version=\u00a0\u00bb4.27.0&Prime; _module_preset=\u00a0\u00bbdefault\u00a0\u00bb global_colors_info=\u00a0\u00bb{}\u00a0\u00bb][et_pb_column type=\u00a0\u00bb4_4&Prime; _builder_version=\u00a0\u00bb4.27.0&Prime; _module_preset=\u00a0\u00bbdefault\u00a0\u00bb global_colors_info=\u00a0\u00bb{}\u00a0\u00bb][dsm_tilt_image src=\u00a0\u00bbhttps:\/\/poppy-arts.fr\/wp-content\/uploads\/2025\/07\/34.png\u00a0\u00bb title_text=\u00a0\u00bb34&Prime; align=\u00a0\u00bbcenter\u00a0\u00bb _builder_version=\u00a0\u00bb4.27.4&Prime; _module_preset=\u00a0\u00bbdefault\u00a0\u00bb width=\u00a0\u00bb49%\u00a0\u00bb border_width_all=\u00a0\u00bb4px\u00a0\u00bb border_color_all=\u00a0\u00bb#E02B20&Prime; global_colors_info=\u00a0\u00bb{}\u00a0\u00bb][\/dsm_tilt_image][\/et_pb_column][\/et_pb_row][et_pb_row _builder_version=\u00a0\u00bb4.27.4&Prime; _module_preset=\u00a0\u00bbdefault\u00a0\u00bb custom_padding=\u00a0\u00bb52px|||||\u00a0\u00bb][et_pb_column _builder_version=\u00a0\u00bb4.27.4&Prime; _module_preset=\u00a0\u00bbdefault\u00a0\u00bb type=\u00a0\u00bb4_4&Prime;][et_pb_text _builder_version=\u00a0\u00bb4.27.4&Prime; _module_preset=\u00a0\u00bbdefault\u00a0\u00bb sticky_enabled=\u00a0\u00bb0&Prime; custom_margin=\u00a0\u00bb48px|||||\u00a0\u00bb]<\/p>\n<p data-start=\"861\" data-end=\"1204\"><span style=\"color: #ffffff;\">Je cr\u00e9e des <strong data-start=\"873\" data-end=\"903\">\u0153uvres artistiques uniques<\/strong>, sans reproduction, sans standardisation, guid\u00e9es par l\u2019intuition, la mati\u00e8re et l\u2019\u00e9motion.<\/span><br data-start=\"995\" data-end=\"998\" \/><span style=\"color: #ffffff;\">Peintures sur tous supports, customisation artistique, <strong data-start=\"1053\" data-end=\"1084\">bijoux XXL en argent massif<\/strong>, et <strong data-start=\"1089\" data-end=\"1124\">\u0153uvres num\u00e9riques \u00e0 t\u00e9l\u00e9charger<\/strong> : chaque cr\u00e9ation est pens\u00e9e comme une pi\u00e8ce singuli\u00e8re, forte et intemporelle.<\/span><\/p>\n<p data-start=\"1206\" data-end=\"1278\"><span style=\"color: #ffffff;\">Ici, l\u2019art n\u2019est jamais d\u00e9coratif par hasard.<\/span><br data-start=\"1251\" data-end=\"1254\" \/><span style=\"color: #ffffff;\">Il affirme une identit\u00e9.<\/span><\/p>\n<p>[\/et_pb_text][\/et_pb_column][\/et_pb_row][et_pb_row _builder_version=\u00a0\u00bb4.27.4&Prime; _module_preset=\u00a0\u00bbdefault\u00a0\u00bb global_colors_info=\u00a0\u00bb{}\u00a0\u00bb][et_pb_column type=\u00a0\u00bb4_4&Prime; _builder_version=\u00a0\u00bb4.27.4&Prime; _module_preset=\u00a0\u00bbdefault\u00a0\u00bb global_colors_info=\u00a0\u00bb{}\u00a0\u00bb][et_pb_text _builder_version=\u00a0\u00bb4.27.4&Prime; _module_preset=\u00a0\u00bbdefault\u00a0\u00bb custom_margin=\u00a0\u00bb48px|||||\u00a0\u00bb global_colors_info=\u00a0\u00bb{}\u00a0\u00bb]<\/p>\n<h2 data-start=\"1995\" data-end=\"2056\"><span style=\"color: #ffffff;\">\ud83d\udd8c\ufe0f Une artiste touche-\u00e0-tout, une imagination sans limite<\/span><\/h2>\n<h3 data-start=\"2058\" data-end=\"2094\"><span style=\"color: #ffffff;\"><\/span><\/h3>\n<h3 data-start=\"2058\" data-end=\"2094\"><span style=\"color: #ffffff;\"><\/span><\/h3>\n<h3 data-start=\"2058\" data-end=\"2094\"><span style=\"color: #ffffff;\">\u2728 Mon regard transforme le monde<\/span><\/h3>\n<p data-start=\"2096\" data-end=\"2253\"><span style=\"color: #ffffff;\">Chaque objet que je regarde devient <strong data-start=\"2132\" data-end=\"2173\">une nouvelle cr\u00e9ation dans mon esprit<\/strong>. J\u2019explore sans cesse de nouvelles fa\u00e7ons d\u2019exprimer mon imaginaire \u00e0 travers :<\/span><\/p>\n<p data-start=\"2096\" data-end=\"2253\"><span style=\"color: #ffffff;\"><\/span><\/p>\n<p data-start=\"2096\" data-end=\"2253\"><span style=\"color: #ffffff;\"><\/span><\/p>\n<ul data-start=\"2255\" data-end=\"2492\">\n<li data-start=\"2255\" data-end=\"2310\">\n<p data-start=\"2257\" data-end=\"2310\"><span style=\"color: #ffffff;\">La <strong data-start=\"2260\" data-end=\"2272\">peinture<\/strong> (sur toile, bois, ou supports vari\u00e9s)<\/span><\/p>\n<\/li>\n<li data-start=\"2311\" data-end=\"2350\">\n<p data-start=\"2313\" data-end=\"2350\"><span style=\"color: #ffffff;\">La <strong data-start=\"2316\" data-end=\"2329\">sculpture<\/strong> moderne et organique<\/span><\/p>\n<\/li>\n<li data-start=\"2351\" data-end=\"2411\">\n<p data-start=\"2353\" data-end=\"2411\"><span style=\"color: #ffffff;\">Le <strong data-start=\"2356\" data-end=\"2390\">vitrail sur verre ou plexiglas<\/strong>, lumineux et vibrant<\/span><\/p>\n<\/li>\n<li data-start=\"2412\" data-end=\"2492\">\n<p data-start=\"2414\" data-end=\"2492\"><span style=\"color: #ffffff;\">La <strong data-start=\"2417\" data-end=\"2443\">customisation d\u2019objets<\/strong>, meubles, chaussures ou d\u00e9corations du quotidien<\/span><\/p>\n<\/li>\n<li data-start=\"2412\" data-end=\"2492\"><span style=\"color: #ffffff;\">La <strong>cr\u00e9ation de bijoux uniques<\/strong><\/span><\/li>\n<li data-start=\"2412\" data-end=\"2492\"><span style=\"color: #ffffff;\"><\/span><\/li>\n<\/ul>\n<p data-start=\"2494\" data-end=\"2598\"><span style=\"color: #ffffff;\">Je ne reproduis jamais deux fois la m\u00eame chose : <strong data-start=\"2543\" data-end=\"2580\">chaque \u0153uvre est une m\u00e9tamorphose<\/strong>, une cr\u00e9ation unique !<\/span><\/p>\n<p data-start=\"2494\" data-end=\"2598\"><span style=\"color: #ffffff;\"><\/span><\/p>\n<p>[\/et_pb_text][\/et_pb_column][\/et_pb_row][et_pb_row _builder_version=\u00a0\u00bb4.27.4&Prime; _module_preset=\u00a0\u00bbdefault\u00a0\u00bb custom_padding=\u00a0\u00bb66px|||||\u00a0\u00bb locked=\u00a0\u00bboff\u00a0\u00bb global_colors_info=\u00a0\u00bb{}\u00a0\u00bb][et_pb_column type=\u00a0\u00bb4_4&Prime; _builder_version=\u00a0\u00bb4.27.4&Prime; _module_preset=\u00a0\u00bbdefault\u00a0\u00bb global_colors_info=\u00a0\u00bb{}\u00a0\u00bb][dsm_tilt_image src=\u00a0\u00bbhttps:\/\/poppy-arts.fr\/wp-content\/uploads\/2025\/08\/visage2.jpg\u00a0\u00bb title_text=\u00a0\u00bbvisage2&Prime; align=\u00a0\u00bbcenter\u00a0\u00bb _builder_version=\u00a0\u00bb4.27.4&Prime; _module_preset=\u00a0\u00bbdefault\u00a0\u00bb width=\u00a0\u00bb49%\u00a0\u00bb hover_enabled=\u00a0\u00bb0&Prime; border_width_all=\u00a0\u00bb4px\u00a0\u00bb border_color_all=\u00a0\u00bb#E02B20&Prime; global_colors_info=\u00a0\u00bb{}\u00a0\u00bb sticky_enabled=\u00a0\u00bb0&Prime;][\/dsm_tilt_image][\/et_pb_column][\/et_pb_row][\/et_pb_section][et_pb_section fb_built=\u00a0\u00bb1&Prime; theme_builder_area=\u00a0\u00bbpost_content\u00a0\u00bb _builder_version=\u00a0\u00bb4.27.4&Prime; _module_preset=\u00a0\u00bbdefault\u00a0\u00bb background_color=\u00a0\u00bb#000000&Prime; hover_enabled=\u00a0\u00bb0&Prime; sticky_enabled=\u00a0\u00bb0&Prime;][et_pb_row _builder_version=\u00a0\u00bb4.27.4&Prime; _module_preset=\u00a0\u00bbdefault\u00a0\u00bb theme_builder_area=\u00a0\u00bbpost_content\u00a0\u00bb column_structure=\u00a0\u00bb1_2,1_2&Prime; custom_padding=\u00a0\u00bb3px||3px|4px|true|false\u00a0\u00bb hover_enabled=\u00a0\u00bb0&Prime; sticky_enabled=\u00a0\u00bb0&Prime;][et_pb_column _builder_version=\u00a0\u00bb4.27.4&Prime; _module_preset=\u00a0\u00bbdefault\u00a0\u00bb type=\u00a0\u00bb1_2&Prime; theme_builder_area=\u00a0\u00bbpost_content\u00a0\u00bb][dsm_glitch_text _builder_version=\u00a0\u00bb4.27.4&Prime; _module_preset=\u00a0\u00bbdefault\u00a0\u00bb theme_builder_area=\u00a0\u00bbpost_content\u00a0\u00bb glitch_text=\u00a0\u00bbBijoux XXL en argent et cristaux pr\u00e9cieux\u00a0\u00bb header_level=\u00a0\u00bbh2&Prime; header_font=\u00a0\u00bbAkaya Kanadaka||||||||\u00a0\u00bb header_text_color=\u00a0\u00bb#FFFFFF\u00a0\u00bb box_shadow_style=\u00a0\u00bbpreset6&Prime; box_shadow_spread=\u00a0\u00bb-6px\u00a0\u00bb box_shadow_color=\u00a0\u00bb#e02b20&Prime; header_font_size=\u00a0\u00bb27px\u00a0\u00bb header_line_height=\u00a0\u00bb1.1em\u00a0\u00bb custom_margin=\u00a0\u00bb1px|1px|1px|1px|true|true\u00a0\u00bb custom_padding=\u00a0\u00bb5px|5px|5px|5px|true|true\u00a0\u00bb hover_enabled=\u00a0\u00bb0&Prime; sticky_enabled=\u00a0\u00bb0&Prime; glitch_text_effect=\u00a0\u00bbtwo\u00a0\u00bb glitch_two_color_one=\u00a0\u00bb#E02B20&Prime; glitch_two_color_two=\u00a0\u00bb#FFFFFF\u00a0\u00bb header_letter_spacing=\u00a0\u00bb1px\u00a0\u00bb][\/dsm_glitch_text][et_pb_text _builder_version=\u00a0\u00bb4.27.4&Prime; _module_preset=\u00a0\u00bbdefault\u00a0\u00bb theme_builder_area=\u00a0\u00bbpost_content\u00a0\u00bb hover_enabled=\u00a0\u00bb0&Prime; sticky_enabled=\u00a0\u00bb0&Prime;]<\/p>\n<p data-start=\"2227\" data-end=\"2377\"><span style=\"color: #ffffff;\">J\u2019imagine et cr\u00e9e des <strong data-start=\"2249\" data-end=\"2275\">bijoux artistiques XXL<\/strong>, aux formes peu courantes, assum\u00e9es et puissantes.<\/span><br data-start=\"2326\" data-end=\"2329\" \/><span style=\"color: #ffffff;\">Je privil\u00e9gie des mat\u00e9riaux nobles et lumineux :<\/span><\/p>\n<ul data-start=\"2379\" data-end=\"2497\">\n<li data-start=\"2379\" data-end=\"2400\">\n<p data-start=\"2381\" data-end=\"2400\"><span style=\"color: #ffffff;\"><strong data-start=\"2381\" data-end=\"2398\">argent massif<\/strong><\/span><\/p>\n<\/li>\n<li data-start=\"2401\" data-end=\"2427\">\n<p data-start=\"2403\" data-end=\"2427\"><span style=\"color: #ffffff;\"><strong data-start=\"2403\" data-end=\"2425\">cristaux Swarovski<\/strong><\/span><\/p>\n<\/li>\n<li data-start=\"2428\" data-end=\"2453\">\n<p data-start=\"2430\" data-end=\"2453\"><span style=\"color: #ffffff;\"><strong data-start=\"2430\" data-end=\"2451\">cristaux Preciosa et Aur\u00e9<\/strong><\/span><\/p>\n<\/li>\n<li data-start=\"2428\" data-end=\"2453\">\n<p data-start=\"2430\" data-end=\"2453\"><span style=\"color: #ffffff;\"><strong data-start=\"2430\" data-end=\"2451\"><\/strong><strong data-start=\"2456\" data-end=\"2497\">et autres supports s\u00e9lectionn\u00e9s<\/strong><\/span><\/p>\n<\/li>\n<\/ul>\n<p data-start=\"2499\" data-end=\"2642\"><span style=\"color: #ffffff;\">Mes bijoux sont con\u00e7us comme des <strong data-start=\"2532\" data-end=\"2552\">\u0153uvres d&rsquo;art portables<\/strong>, destin\u00e9es aux femmes et aux hommes qui aiment les pi\u00e8ces fortes, uniques et audacieuses.<\/span><\/p>\n<p data-start=\"2644\" data-end=\"2687\"><span style=\"color: #ffffff;\">\ud83d\udc8e Chaque bijou est une cr\u00e9ation exclusive.<\/span><\/p>\n<p>[\/et_pb_text][\/et_pb_column][et_pb_column _builder_version=\u00a0\u00bb4.27.4&Prime; _module_preset=\u00a0\u00bbdefault\u00a0\u00bb type=\u00a0\u00bb1_2&Prime; theme_builder_area=\u00a0\u00bbpost_content\u00a0\u00bb][dsm_glitch_text _builder_version=\u00a0\u00bb4.27.4&Prime; _module_preset=\u00a0\u00bbdefault\u00a0\u00bb theme_builder_area=\u00a0\u00bbpost_content\u00a0\u00bb glitch_text=\u00a0\u00bbOeuvres num\u00e9riques uniques\u00a0\u00bb header_level=\u00a0\u00bbh2&Prime; header_font=\u00a0\u00bbAkaya Kanadaka||||||||\u00a0\u00bb header_text_color=\u00a0\u00bb#FFFFFF\u00a0\u00bb box_shadow_style=\u00a0\u00bbpreset6&Prime; box_shadow_spread=\u00a0\u00bb-6px\u00a0\u00bb box_shadow_color=\u00a0\u00bb#e02b20&Prime; header_font_size=\u00a0\u00bb27px\u00a0\u00bb header_line_height=\u00a0\u00bb1.1em\u00a0\u00bb custom_margin=\u00a0\u00bb1px|1px|1px|1px|true|true\u00a0\u00bb custom_padding=\u00a0\u00bb5px|5px|5px|5px|true|true\u00a0\u00bb sticky_enabled=\u00a0\u00bb0&Prime; glitch_text_effect=\u00a0\u00bbtwo\u00a0\u00bb glitch_two_color_one=\u00a0\u00bb#E02B20&Prime; glitch_two_color_two=\u00a0\u00bb#FFFFFF\u00a0\u00bb header_letter_spacing=\u00a0\u00bb1px\u00a0\u00bb locked=\u00a0\u00bboff\u00a0\u00bb hover_enabled=\u00a0\u00bb0&Prime;][\/dsm_glitch_text][et_pb_text _builder_version=\u00a0\u00bb4.27.4&Prime; _module_preset=\u00a0\u00bbdefault\u00a0\u00bb theme_builder_area=\u00a0\u00bbpost_content\u00a0\u00bb hover_enabled=\u00a0\u00bb0&Prime; sticky_enabled=\u00a0\u00bb0&Prime;]<\/p>\n<p data-start=\"2751\" data-end=\"2849\"><span style=\"color: #ffffff;\">Je propose \u00e9galement des <strong data-start=\"2776\" data-end=\"2809\">\u0153uvres num\u00e9riques artistiques<\/strong> disponibles en t\u00e9l\u00e9chargement imm\u00e9diat.<\/span><\/p>\n<p data-start=\"2851\" data-end=\"2884\"><span style=\"color: #ffffff;\">Ces cr\u00e9ations sont id\u00e9ales pour :<\/span><\/p>\n<ul data-start=\"2885\" data-end=\"3007\">\n<li data-start=\"2885\" data-end=\"2916\">\n<p data-start=\"2887\" data-end=\"2916\"><span style=\"color: #ffffff;\">impression sur papier d\u2019art<\/span><\/p>\n<\/li>\n<li data-start=\"2917\" data-end=\"2941\">\n<p data-start=\"2919\" data-end=\"2941\"><span style=\"color: #ffffff;\">impression sur toile<\/span><\/p>\n<\/li>\n<li data-start=\"2942\" data-end=\"2971\">\n<p data-start=\"2944\" data-end=\"2971\"><span style=\"color: #ffffff;\">impression sur plexiglass<\/span><\/p>\n<\/li>\n<li data-start=\"2972\" data-end=\"3007\">\n<p data-start=\"2974\" data-end=\"3007\"><span style=\"color: #ffffff;\">d\u00e9coration murale contemporaine<\/span><\/p>\n<\/li>\n<\/ul>\n<p data-start=\"3009\" data-end=\"3126\"><span style=\"color: #ffffff;\">Les fichiers sont livr\u00e9s en <strong data-start=\"3037\" data-end=\"3057\">haute d\u00e9finition<\/strong>, afin de r\u00e9v\u00e9ler toute leur beaut\u00e9, quel que soit le support choisi.<\/span><\/p>\n<p>[\/et_pb_text][\/et_pb_column][\/et_pb_row][\/et_pb_section]<\/p>\n","protected":false},"excerpt":{"rendered":"<p><div class=\"et_pb_with_border et_pb_module dsm_progress_bar dsm_progress_bar_0\">\n\t\t\t\t\n\t\t\t\t\n\t\t\t\t\n\t\t\t\t\n\t\t\t\t\n\t\t\t\t\n\t\t\t\t<div class=\"et_pb_module_inner\">\n\t\t\t\t\t<div class=\"dsm-progress-bar-container dsm-progress-bar-tracker-horizontal\" data-relative=\"entire_page\" data-show_percentage=\"on\" data-tracker_type=\"horizontal\" data-direction=\"left\" data-selector=\"\" >\n\t\t\t\t<div class=\"dsm-current-progress\"><div class=\"dsm-current-progress-percentage\"><\/div><\/div>  \n\t\t\t<\/div>\n\t\t\t\n\t\t\t\t<\/div>\n\t\t\t<\/div>Cr\u00e9ations artistiques absolument uniques<div class=\"et_pb_with_border et_pb_module dsm_tilt_image dsm_tilt_image_0\">\n\t\t\t\t\n\t\t\t\t\n\t\t\t\t\n\t\t\t\t\n\t\t\t\t\n\t\t\t\t\n\t\t\t\t<div class=\"et_pb_module_inner\">\n\t\t\t\t\t<div class=\"dsm-tilt-image-wrapper\" data-tilt data-tilt-max=\"35\" data-tilt-speed=\"300\" data-tilt-perspective=\"1000\" data-tilt-scale=\"1\" data-tilt-mobile-disable=\"off\" data-tilt-reverse=\"false\">\n\t\t\t\t\n\t\t\t\t\n\t\t\t\t<span class=\"et_pb_image_wrap \"><img decoding=\"async\" src=\"https:\/\/poppy-arts.fr\/wp-content\/uploads\/2025\/07\/34.png\" alt=\"\" title=\"34\" \/><\/span>\n\t\t\t<\/div>\n\t\t\t\t<\/div>\n\t\t\t<\/div>Je cr\u00e9e des \u0153uvres artistiques uniques, sans reproduction, sans standardisation, guid\u00e9es par l\u2019intuition, la mati\u00e8re et l\u2019\u00e9motion.Peintures sur tous supports, customisation artistique, bijoux XXL en argent massif, et [&hellip;]<\/p>\n","protected":false},"author":1,"featured_media":0,"parent":0,"menu_order":0,"comment_status":"closed","ping_status":"closed","template":"","meta":{"_et_pb_use_builder":"on","_et_pb_old_content":"<!-- wp:paragraph -->\n<p>Ceci est une page d\u2019exemple. C\u2019est diff\u00e9rent d\u2019un article de blog parce qu\u2019elle restera au m\u00eame endroit et appara\u00eetra dans la navigation de votre site (dans la plupart des th\u00e8mes). La plupart des gens commencent par une page \u00ab\u00a0\u00c0 propos\u00a0\u00bb qui les pr\u00e9sente aux personnes visitant le site. Cela pourrait ressembler \u00e0 quelque chose comme cela\u00a0:<\/p>\n<!-- \/wp:paragraph -->\n\n<!-- wp:quote -->\n<blockquote class=\"wp-block-quote\"><p>Bonjour\u00a0! Je suis un m\u00e9canicien qui aspire \u00e0 devenir acteur, et voici mon site. J\u2019habite \u00e0 Bordeaux, j\u2019ai un super chien baptis\u00e9 Russell, et j\u2019aime la vodka (ainsi qu\u2019\u00eatre surpris par la pluie soudaine lors de longues balades sur la plage au coucher du soleil).<\/p><\/blockquote>\n<!-- \/wp:quote -->\n\n<!-- wp:paragraph -->\n<p>\u2026ou quelque chose comme cela\u00a0:<\/p>\n<!-- \/wp:paragraph -->\n\n<!-- wp:quote -->\n<blockquote class=\"wp-block-quote\"><p>La soci\u00e9t\u00e9 123 Machin Truc a \u00e9t\u00e9 cr\u00e9\u00e9e en 1971, et n\u2019a cess\u00e9 de proposer au public des machins-trucs de qualit\u00e9 depuis lors. Situ\u00e9e \u00e0 Saint-Remy-en-Bouzemont-Saint-Genest-et-Isson, 123 Machin Truc emploie 2 000 personnes, et fabrique toutes sortes de bidules supers pour la communaut\u00e9 bouzemontoise.<\/p><\/blockquote>\n<!-- \/wp:quote -->\n\n<!-- wp:paragraph -->\n<p>En tant que nouvel utilisateur ou utilisatrice de WordPress, vous devriez vous rendre sur <a href=\"http:\/\/poppy-arts.fr\/wp-admin\/\">votre tableau de bord<\/a> pour supprimer cette page et cr\u00e9er de nouvelles pages pour votre contenu. Amusez-vous bien\u00a0!<\/p>\n<!-- \/wp:paragraph -->","_et_gb_content_width":"","footnotes":""},"class_list":["post-2","page","type-page","status-publish","hentry"],"_links":{"self":[{"href":"https:\/\/poppy-arts.fr\/index.php?rest_route=\/wp\/v2\/pages\/2","targetHints":{"allow":["GET"]}}],"collection":[{"href":"https:\/\/poppy-arts.fr\/index.php?rest_route=\/wp\/v2\/pages"}],"about":[{"href":"https:\/\/poppy-arts.fr\/index.php?rest_route=\/wp\/v2\/types\/page"}],"author":[{"embeddable":true,"href":"https:\/\/poppy-arts.fr\/index.php?rest_route=\/wp\/v2\/users\/1"}],"replies":[{"embeddable":true,"href":"https:\/\/poppy-arts.fr\/index.php?rest_route=%2Fwp%2Fv2%2Fcomments&post=2"}],"version-history":[{"count":11,"href":"https:\/\/poppy-arts.fr\/index.php?rest_route=\/wp\/v2\/pages\/2\/revisions"}],"predecessor-version":[{"id":598,"href":"https:\/\/poppy-arts.fr\/index.php?rest_route=\/wp\/v2\/pages\/2\/revisions\/598"}],"wp:attachment":[{"href":"https:\/\/poppy-arts.fr\/index.php?rest_route=%2Fwp%2Fv2%2Fmedia&parent=2"}],"curies":[{"name":"wp","href":"https:\/\/api.w.org\/{rel}","templated":true}]}}